{"id":27,"date":"2022-05-21T13:16:29","date_gmt":"2022-05-21T11:16:29","guid":{"rendered":"https:\/\/blog.ds-iot.de\/?page_id=27"},"modified":"2026-03-17T15:57:23","modified_gmt":"2026-03-17T14:57:23","slug":"wer-sind-wir","status":"publish","type":"page","link":"https:\/\/iot-d.de\/?page_id=27","title":{"rendered":"WER SIND WIR?"},"content":{"rendered":"\n<h2 class=\"wp-block-heading has-text-align-center has-tertiary-background-color has-background has-system-font-font-family has-large-font-size\" style=\"border-width:1px\">Wer sind wir?<\/h2>\n\n\n\n<div style=\"height:46px\" aria-hidden=\"true\" class=\"wp-block-spacer\"><\/div>\n\n\n\n<p style=\"font-style:normal;font-weight:400\">M\u00f6glicherweise gibt es keine absoluten Wahrheiten. M\u00f6glicherweise irren sich Diejenigen, die uns verr\u00fcckt oder abergl\u00e4ubisch nennen. M\u00f6glicherweise haben wir keine anderen Grenzen als die, die wir uns selbst setzen. Und m\u00f6glicherweise bilden wir uns das alles auch blo\u00df ein.<\/p>\n\n\n\n<p style=\"font-style:normal;font-weight:400\">Wir, der IOT (kurz f\u00fcr \u201eder Magische Pakt der Illuminaten von Thanateros\u201c) sind eine Gemeinschaft, in der wir zusammenkommen, um Magie zu wirken, miteinander zu lernen und aneinander zu wachsen.<\/p>\n\n\n\n<p style=\"font-style:normal;font-weight:400\">Hierbei interessieren uns weder Geld, noch die autorit\u00e4ren Hierarchiesysteme anderer okkulter Orden: Wir verlangen weder Mitgliedsbeitr\u00e4ge, noch haben wir ein gemeinsames Credo oder bestimmte Vorgaben.<\/p>\n\n\n\n<p style=\"font-style:normal;font-weight:400\">Macht flie\u00dft bei uns von unten nach oben, anstatt dass sie von einigen wenigen f\u00fchrenden Mitgliedern auf alle anderen ausge\u00fcbt wird. Bei unserer Magie stehen uns s\u00e4mtliche M\u00f6glichkeiten und Techniken offen. Gerade unsere Individualit\u00e4t, unsere Unterschiede und die Freiheit von Regeln sind es, die uns, bzw. Chaosmagie ausmachen.<\/p>\n\n\n\n<p style=\"font-style:normal;font-weight:400\">Wenn Du mehr \u00fcber unsere Gemeinschaft und die Struktur des Paktes erfahren willst, empfehlen wir Dir das folgende Buch. Es gibt m\u00f6glicherweise keine absoluten Wahrheiten, daher gibt es die deutsche Fassung der dritten Auflage des Buchs in drei verschiedenen Varianten.<\/p>\n\n\n\n<div class=\"wp-block-buttons is-content-justification-center is-layout-flex wp-container-core-buttons-is-layout-a89b3969 wp-block-buttons-is-layout-flex\">\n<div class=\"wp-block-button has-custom-width wp-block-button__width-75 is-style-outline is-style-outline--1\"><a class=\"wp-block-button__link wp-element-button\" href=\"https:\/\/iot-d.de\/wp-content\/uploads\/2023\/11\/Das_Buch_2023.pdf\" style=\"border-width:1px\" target=\"_blank\" rel=\"noreferrer noopener\">Das Buch, 3. Fassung 2023<\/a><\/div>\n<\/div>\n\n\n\n<div class=\"wp-block-buttons is-content-justification-center is-layout-flex wp-container-core-buttons-is-layout-a89b3969 wp-block-buttons-is-layout-flex\">\n<div class=\"wp-block-button has-custom-width wp-block-button__width-75 is-style-outline is-style-outline--2\"><a class=\"wp-block-button__link wp-element-button\" href=\"https:\/\/iot-d.de\/wp-content\/uploads\/2025\/09\/Das_Buch_2023_binaer.pdf\" style=\"border-width:1px\" target=\"_blank\" rel=\"noreferrer noopener\">Das Buch, 3. Fassung 2023, bin\u00e4r<\/a><\/div>\n<\/div>\n\n\n\n<div class=\"wp-block-buttons is-content-justification-center is-layout-flex wp-container-core-buttons-is-layout-a89b3969 wp-block-buttons-is-layout-flex\">\n<div class=\"wp-block-button has-custom-width wp-block-button__width-75 is-style-outline is-style-outline--3\"><a class=\"wp-block-button__link wp-element-button\" href=\"https:\/\/iot-d.de\/wp-content\/uploads\/2025\/09\/Das-Buch-non-binaer.pdf\" style=\"border-width:1px\" target=\"_blank\" rel=\"noreferrer noopener\">Das Buch, 3. Fassung 2023, non-bin\u00e4r<\/a><\/div>\n<\/div>\n\n\n\n<div class=\"wp-block-buttons is-content-justification-center is-layout-flex wp-container-core-buttons-is-layout-a89b3969 wp-block-buttons-is-layout-flex\">\n<div class=\"wp-block-button has-custom-width wp-block-button__width-75 is-style-outline is-style-outline--4\"><a class=\"wp-block-button__link wp-element-button\" href=\"https:\/\/iot-d.de\/wp-content\/uploads\/2026\/03\/Das-Buch-des-Novizen-neu.pdf\" style=\"border-width:1px\" target=\"_blank\" rel=\"noreferrer noopener\">Auszug: Das Buch des Novizen<\/a><\/div>\n<\/div>\n\n\n\n<p style=\"font-style:normal;font-weight:400\">Wenn Du nach diesem Buch noch weitere Fragen hast, k\u00f6nnen diese eventuell hier beantwortet werden:<\/p>\n\n\n\n<div class=\"wp-block-buttons is-content-justification-center is-layout-flex wp-container-core-buttons-is-layout-a89b3969 wp-block-buttons-is-layout-flex\">\n<div class=\"wp-block-button has-custom-width wp-block-button__width-75 is-style-outline is-style-outline--5\"><a class=\"wp-block-button__link wp-element-button\" href=\"https:\/\/iot-d.de\/wp-content\/uploads\/2026\/03\/FAQ-Deutsch.pdf\" style=\"border-width:1px\" target=\"_blank\" rel=\"noreferrer noopener\">FAQ<\/a><\/div>\n<\/div>\n\n\n\n<p style=\"font-style:normal;font-weight:400\">Au\u00dfderdem haben wir einen Blog, auf dem Du Beispiele f\u00fcr unsere Magie, Erfahrungsberichte, Artikel, Buchtipps und vieles mehr finden kannst:<\/p>\n\n\n\n<div class=\"wp-block-buttons is-content-justification-center is-layout-flex wp-container-core-buttons-is-layout-a89b3969 wp-block-buttons-is-layout-flex\">\n<div class=\"wp-block-button has-custom-width wp-block-button__width-75 is-style-outline is-style-outline--6\"><a class=\"wp-block-button__link wp-element-button\" href=\"https:\/\/aepalizage.iot-d.de\/\" style=\"border-width:1px\" target=\"_blank\" rel=\"noreferrer noopener\">https:\/\/aepalizage.iot-d.de\/<\/a><\/div>\n<\/div>\n\n\n\n<div style=\"height:27px\" aria-hidden=\"true\" class=\"wp-block-spacer\"><\/div>\n\n\n\n<p class=\"has-text-align-center\">Oh, und eine Sache noch&#8230;<\/p>\n\n\n\n<figure class=\"wp-block-image aligncenter size-full is-resized\"><img loading=\"lazy\" decoding=\"async\" width=\"455\" height=\"441\" src=\"https:\/\/iot-d.de\/wp-content\/uploads\/2022\/05\/photo_2025-04-21_19-50-41.jpg\" alt=\"\" class=\"wp-image-739\" style=\"width:73px;height:auto\" srcset=\"https:\/\/iot-d.de\/wp-content\/uploads\/2022\/05\/photo_2025-04-21_19-50-41.jpg 455w, https:\/\/iot-d.de\/wp-content\/uploads\/2022\/05\/photo_2025-04-21_19-50-41-300x291.jpg 300w\" sizes=\"auto, (max-width: 455px) 100vw, 455px\" \/><\/figure>\n\n\n\n<p>Vor kurzem haben sich die eurasische Bewegung und einige ihrer angegliederten Organisationen das Symbol des Chaossterns angeeignet. <strong>Die deutsche Sektion des IOT m\u00f6chte hier klarstellen, dass wir eindeutig <em>keiner <\/em>faschistischen, nationalistischen oder chauvinistischen Bewegung angeh\u00f6ren.<\/strong> Chaosmagie stellt ein System tiefgreifender Kreativit\u00e4t und Befreiung dar und widerspricht jeglicher ethnopolitischen Agenda. Ein fiktives Symbol mit wahrhaftiger Macht aufzuladen, geschieht in vollkommenem Einklang mit den Prinzipien der Chaosmagie. Es erscheint uns hingegen ziemlich albern, wenn sich Organisationen, die sich auf &#8222;Tradition&#8220; und &#8222;historischem&#8220; Nationalismus begr\u00fcnden, durch ein Symbol repr\u00e4sentieren wollen, das so klar und offensichtlich der Fantasy-Literatur entnommen wurde.<\/p>\n\n\n\n<div style=\"height:49px\" aria-hidden=\"true\" class=\"wp-block-spacer\"><\/div>\n\n\n\n<div class=\"wp-block-buttons is-content-justification-center is-layout-flex wp-container-core-buttons-is-layout-a89b3969 wp-block-buttons-is-layout-flex\">\n<div class=\"wp-block-button is-style-outline is-style-outline--7\"><a class=\"wp-block-button__link has-background-background-color has-background wp-element-button\" href=\"https:\/\/iot-d.de\/\" style=\"border-width:1px\">zur\u00fcck zur Startseite<\/a><\/div>\n<\/div>\n\n\n\n<p><\/p>\n","protected":false},"excerpt":{"rendered":"<p>Wer sind wir? M\u00f6glicherweise gibt es keine absoluten Wahrheiten. M\u00f6glicherweise irren sich Diejenigen, die uns verr\u00fcckt oder abergl\u00e4ubisch nennen. M\u00f6glicherweise haben wir keine anderen Grenzen als die, die wir uns selbst setzen. Und m\u00f6glicherweise bilden wir uns das alles auch blo\u00df ein. Wir, der IOT (kurz f\u00fcr \u201eder Magische Pakt der Illuminaten von Thanateros\u201c) sind [&hellip;]<\/p>\n","protected":false},"author":2,"featured_media":0,"parent":0,"menu_order":0,"comment_status":"closed","ping_status":"closed","template":"","meta":{"footnotes":""},"class_list":["post-27","page","type-page","status-publish","hentry"],"_links":{"self":[{"href":"https:\/\/iot-d.de\/index.php?rest_route=\/wp\/v2\/pages\/27","targetHints":{"allow":["GET"]}}],"collection":[{"href":"https:\/\/iot-d.de\/index.php?rest_route=\/wp\/v2\/pages"}],"about":[{"href":"https:\/\/iot-d.de\/index.php?rest_route=\/wp\/v2\/types\/page"}],"author":[{"embeddable":true,"href":"https:\/\/iot-d.de\/index.php?rest_route=\/wp\/v2\/users\/2"}],"replies":[{"embeddable":true,"href":"https:\/\/iot-d.de\/index.php?rest_route=%2Fwp%2Fv2%2Fcomments&post=27"}],"version-history":[{"count":71,"href":"https:\/\/iot-d.de\/index.php?rest_route=\/wp\/v2\/pages\/27\/revisions"}],"predecessor-version":[{"id":1298,"href":"https:\/\/iot-d.de\/index.php?rest_route=\/wp\/v2\/pages\/27\/revisions\/1298"}],"wp:attachment":[{"href":"https:\/\/iot-d.de\/index.php?rest_route=%2Fwp%2Fv2%2Fmedia&parent=27"}],"curies":[{"name":"wp","href":"https:\/\/api.w.org\/{rel}","templated":true}]}}