{"id":30,"date":"2022-05-21T13:19:16","date_gmt":"2022-05-21T11:19:16","guid":{"rendered":"https:\/\/blog.ds-iot.de\/?page_id=30"},"modified":"2026-03-27T11:58:05","modified_gmt":"2026-03-27T10:58:05","slug":"mitgliedschaft","status":"publish","type":"page","link":"https:\/\/iot-d.de\/?page_id=30","title":{"rendered":"MITGLIEDSCHAFT"},"content":{"rendered":"\n<h2 class=\"wp-block-heading has-text-align-center has-tertiary-background-color has-background has-system-font-font-family has-large-font-size\" style=\"border-width:1px\">Mitgliedschaft<\/h2>\n\n\n\n<div style=\"height:46px\" aria-hidden=\"true\" class=\"wp-block-spacer\"><\/div>\n\n\n\n<p style=\"font-style:normal;font-weight:400\">Wenn Du Dich f\u00fcr eine Mitgliedschaft in der deutschen Sektion des IOT interessierst, ist es hierf\u00fcr erforderlich, dass Du zun\u00e4chst eines unserer offenen Seminare (<a href=\"https:\/\/iot-d.de\/?page_id=33\" data-type=\"link\" data-id=\"https:\/\/iot-d.de\/?page_id=33\" target=\"_blank\" rel=\"noreferrer noopener\"><strong>LINK<\/strong><\/a>) besuchst. Auf diesen Seminaren kannst Du Dir einen ersten Eindruck davon verschaffen, wer wir sind und wie wir magisch arbeiten. Und ebenso k\u00f6nnen wir uns einen Eindruck von Dir machen, wir k\u00f6nnen einsch\u00e4tzen, inwieweit Du zu uns passt.<\/p>\n\n\n\n<p style=\"font-style:normal;font-weight:400\">Erst nach dem Seminar ist eine schriftliche Bewerbung f\u00fcr ein sogenanntes Noviziat m\u00f6glich. Wenn Deine Bewerbung angenommen wird, trainierst Du als Novize oder Novizin grundlegende magische Techniken und Fertigkeiten, die wir als Grundvoraussetzung f\u00fcr die Mitgliedschaft und das gemeinsame Praktizieren von Magie ansehen. Dieses Training wird in einem Tagebuch protokolliert.<\/p>\n\n\n\n<p style=\"font-style:normal;font-weight:400\">Im Noviziat bekommst Du einen pers\u00f6nlichen Mentor oder eine Mentorin zugeteilt. Die Mentoren begleiten und unterst\u00fctzen das Training der Novizen. Sie sind erfahrene Mitglieder des Paktes, die bei Schwierigkeiten n\u00fctzliche Tipps geben k\u00f6nnen.<\/p>\n\n\n\n<p>Wenn das Noviziat abgeschlossen wurde, erfolgt die Aufnahme in den IOT innerhalb eines Initiationsrituals auf einem unserer nationalen Treffen.<\/p>\n\n\n\n<p style=\"font-style:normal;font-weight:400\">Wenn Du uns nach dem Besuch eines Seminars eine Bewerbung schicken willst, beantworte uns bitte in Deiner Bewerbung die folgenden Fragen. Sie helfen uns dabei, einen passenden Mentor f\u00fcr Dich auszuw\u00e4hlen:<\/p>\n\n\n\n<div style=\"height:5px\" aria-hidden=\"true\" class=\"wp-block-spacer\"><\/div>\n\n\n\n<ol style=\"border-width:1px;background-color:#f6f6f6;padding-top:var(--wp--preset--spacing--60);padding-bottom:var(--wp--preset--spacing--60);font-style:normal;font-weight:400\" class=\"wp-block-list has-background\">\n<li>Verf\u00fcgst Du bereits \u00fcber magische Erfahrungen? Wenn ja \u2013 welche?<\/li>\n\n\n\n<li>Hast Du bereits Erfahrungen mit magischen Gruppen? Wenn ja \u2013 welche?<\/li>\n\n\n\n<li>Was bietest Du dem Pakt in magischer Hinsicht?<\/li>\n\n\n\n<li>Was erwartest Du vom Pakt? Weshalb m\u00f6chtest Du bei uns Mitglied werden? <\/li>\n\n\n\n<li>Was interessiert Dich generell an Chaosmagie? Wie bist Du darauf gekommen? <\/li>\n\n\n\n<li>Bist Du bereit, Zeit und Energie aufzubringen, um regelm\u00e4\u00dfig an unseren Treffen teilzunehmen?<\/li>\n\n\n\n<li>In welcher Region wohnst Du?<\/li>\n\n\n\n<li>Wie alt bist Du?<\/li>\n\n\n\n<li>An welchem Seminar hast Du teilgenommen?<\/li>\n<\/ol>\n\n\n\n<div style=\"height:3px\" aria-hidden=\"true\" class=\"wp-block-spacer\"><\/div>\n\n\n\n<p class=\"has-text-align-center\" style=\"font-style:normal;font-weight:400\">Bitte schick Deine Bewerbung per Mail an: <strong>kontakt[at]iot-d.de<\/strong><\/p>\n\n\n\n<p class=\"has-text-align-center\" style=\"font-style:normal;font-weight:400\">Wir sind gespannt auf Dich.<\/p>\n\n\n\n<div style=\"height:40px\" aria-hidden=\"true\" class=\"wp-block-spacer\"><\/div>\n\n\n\n<div class=\"wp-block-buttons is-content-justification-center is-layout-flex wp-container-core-buttons-is-layout-a89b3969 wp-block-buttons-is-layout-flex\">\n<div class=\"wp-block-button is-style-outline is-style-outline--1\"><a class=\"wp-block-button__link has-background-background-color has-background wp-element-button\" href=\"https:\/\/iot-d.de\/\" style=\"border-width:1px\">zur\u00fcck zur Startseite<\/a><\/div>\n<\/div>\n\n\n\n<p><\/p>\n","protected":false},"excerpt":{"rendered":"<p>Mitgliedschaft Wenn Du Dich f\u00fcr eine Mitgliedschaft in der deutschen Sektion des IOT interessierst, ist es hierf\u00fcr erforderlich, dass Du zun\u00e4chst eines unserer offenen Seminare (LINK) besuchst. Auf diesen Seminaren kannst Du Dir einen ersten Eindruck davon verschaffen, wer wir sind und wie wir magisch arbeiten. Und ebenso k\u00f6nnen wir uns einen Eindruck von Dir [&hellip;]<\/p>\n","protected":false},"author":2,"featured_media":0,"parent":0,"menu_order":0,"comment_status":"closed","ping_status":"closed","template":"","meta":{"footnotes":""},"class_list":["post-30","page","type-page","status-publish","hentry"],"_links":{"self":[{"href":"https:\/\/iot-d.de\/index.php?rest_route=\/wp\/v2\/pages\/30","targetHints":{"allow":["GET"]}}],"collection":[{"href":"https:\/\/iot-d.de\/index.php?rest_route=\/wp\/v2\/pages"}],"about":[{"href":"https:\/\/iot-d.de\/index.php?rest_route=\/wp\/v2\/types\/page"}],"author":[{"embeddable":true,"href":"https:\/\/iot-d.de\/index.php?rest_route=\/wp\/v2\/users\/2"}],"replies":[{"embeddable":true,"href":"https:\/\/iot-d.de\/index.php?rest_route=%2Fwp%2Fv2%2Fcomments&post=30"}],"version-history":[{"count":44,"href":"https:\/\/iot-d.de\/index.php?rest_route=\/wp\/v2\/pages\/30\/revisions"}],"predecessor-version":[{"id":1312,"href":"https:\/\/iot-d.de\/index.php?rest_route=\/wp\/v2\/pages\/30\/revisions\/1312"}],"wp:attachment":[{"href":"https:\/\/iot-d.de\/index.php?rest_route=%2Fwp%2Fv2%2Fmedia&parent=30"}],"curies":[{"name":"wp","href":"https:\/\/api.w.org\/{rel}","templated":true}]}}