{"id":33,"date":"2022-05-21T13:30:35","date_gmt":"2022-05-21T11:30:35","guid":{"rendered":"https:\/\/blog.ds-iot.de\/?page_id=33"},"modified":"2026-02-08T13:35:41","modified_gmt":"2026-02-08T12:35:41","slug":"iot-seminare","status":"publish","type":"page","link":"https:\/\/iot-d.de\/?page_id=33","title":{"rendered":"IOT-SEMINARE"},"content":{"rendered":"\n<h2 class=\"wp-block-heading has-text-align-center has-tertiary-background-color has-background has-system-font-font-family has-large-font-size\" style=\"border-width:1px\">IOT-Seminare<\/h2>\n\n\n\n<div style=\"height:48px\" aria-hidden=\"true\" class=\"wp-block-spacer\"><\/div>\n\n\n\n<p class=\"has-text-align-center has-text-color has-link-color wp-elements-8266528f37298332f702a980074434d6\" style=\"color:#ff1900;font-style:normal;font-weight:400\"><strong>HINWEIS: <\/strong><strong>Das Seminar im Mai 2026 ist komplett ausgebucht, Anmeldungen sind nicht mehr m\u00f6glich. Es besteht aber die M\u00f6glichkeit, sich auf eine Warteliste setzen zu lassen: Falls Teilnehmer noch absagen, k\u00f6nnen die Leute auf der Warteliste nachr\u00fccken. <\/strong><\/p>\n\n\n\n<div style=\"height:16px\" aria-hidden=\"true\" class=\"wp-block-spacer\"><\/div>\n\n\n\n<div class=\"wp-block-columns is-layout-flex wp-container-core-columns-is-layout-061f3591 wp-block-columns-is-layout-flex\" style=\"border-style:none;border-width:0px;margin-top:0;margin-bottom:0;padding-right:0;padding-left:0\">\n<div class=\"wp-block-column is-layout-flow wp-block-column-is-layout-flow\" style=\"border-width:1px;padding-right:var(--wp--preset--spacing--30);padding-left:var(--wp--preset--spacing--30)\">\n<div style=\"height:4px\" aria-hidden=\"true\" class=\"wp-block-spacer\"><\/div>\n\n\n\n<p style=\"font-style:normal;font-weight:400\">Wir veranstalten in Deutschland jedes Jahr \u00f6ffentliche Seminare, bei denen Ihr uns und unsere magische Arbeitsweise im Rahmen eines mehrt\u00e4gigen Treffens kennenlernen k\u00f6nnt.<\/p>\n\n\n\n<p style=\"font-style:normal;font-weight:400\">Der n\u00e4chste Seminartermin ist im Fr\u00fchsommer: <strong>29. bis 31. Mai 2026<\/strong><\/p>\n\n\n\n<p style=\"font-style:normal;font-weight:400\">Die Erfahrung hat uns gezeigt, dass es Sinn macht, die vorgestellten magischen Techniken und Rituale von Interesse, Zeit und Gruppendynamik der Teilnehmer abh\u00e4ngig zu machen. Das ganze Spektrum magischer M\u00f6glichkeiten steht uns hierbei offen. <\/p>\n\n\n\n<p style=\"font-style:normal;font-weight:400\">Das Seminar findet in einem Seminarhaus im Taunus statt. Die genaue Adresse werdet Ihr von uns erfahren, wenn Ihr Euch angemeldet und die vollst\u00e4ndigen \u00dcbernachtungskosten \u00fcberwiesen habt.<\/p>\n\n\n\n<div style=\"height:1px\" aria-hidden=\"true\" class=\"wp-block-spacer\"><\/div>\n\n\n\n<p style=\"font-style:normal;font-weight:400\"><strong>Anreise am Freitag ist ab 18:00 Uhr, Beginn ist 19:30 Uhr.<\/strong><\/p>\n\n\n\n<div style=\"height:2px\" aria-hidden=\"true\" class=\"wp-block-spacer\"><\/div>\n\n\n\n<div style=\"height:0px\" aria-hidden=\"true\" class=\"wp-block-spacer\"><\/div>\n\n\n\n<p style=\"font-style:normal;font-weight:400\">Die Unterbringung im Haus findet in Doppel- oder Dreierzimmern statt. Einzelzimmer sind auf Anfrage sehr begrenzt m\u00f6glich.<\/p>\n\n\n\n<div style=\"height:31px\" aria-hidden=\"true\" class=\"wp-block-spacer\"><\/div>\n<\/div>\n\n\n\n<div class=\"wp-block-column is-layout-flow wp-block-column-is-layout-flow\" style=\"border-width:1px;padding-right:var(--wp--preset--spacing--30);padding-left:var(--wp--preset--spacing--30)\">\n<div style=\"height:4px\" aria-hidden=\"true\" class=\"wp-block-spacer\"><\/div>\n\n\n\n<p class=\"has-text-align-center has-large-font-size\" style=\"font-style:normal;font-weight:100\">Seminarkosten:<\/p>\n\n\n\n<ul class=\"wp-block-list\">\n<li>Doppelzimmer: <strong>150\u20ac<\/strong><\/li>\n\n\n\n<li>Nebenkosten bei \u00dcbernachtung au\u00dferhalb: <strong>95\u20ac<\/strong><\/li>\n<\/ul>\n\n\n\n<p>In den Seminarkosten enthalten sind Fr\u00fchst\u00fcck und Abendessen, sowie Tee und Kaffee. F\u00fcr alles was Ihr sonst noch braucht, gibt es in der N\u00e4he Einkaufsm\u00f6glichkeiten.<\/p>\n\n\n\n<p class=\"has-text-align-center has-large-font-size\" style=\"font-style:normal;font-weight:100\">Anmeldung:<\/p>\n\n\n\n<p class=\"has-foreground-color has-text-color\" style=\"font-style:normal;font-weight:400\">Bei Interesse k\u00f6nnt Ihr Euch ganz einfach unter der folgenden E-Mail-Adresse anmelden:<\/p>\n\n\n\n<p class=\"has-text-align-center has-luminous-vivid-orange-color has-text-color\" style=\"font-style:normal;font-weight:400\"><strong>fuchs[at]ds-iot.de<\/strong><\/p>\n\n\n\n<p>Bei Eurer Anmeldung gebt bitte Euren vollen Namen an und schreibt uns bitte auch, falls Ihr Unvertr\u00e4glichkeiten oder Allergien habt, damit darauf beim Kochen R\u00fccksicht genommen werden kann.<\/p>\n\n\n\n<p class=\"has-text-align-left\">Und hier gibt&#8217;s den Flyer zum Download:<\/p>\n\n\n\n<div class=\"wp-block-buttons is-content-justification-center is-layout-flex wp-container-core-buttons-is-layout-a89b3969 wp-block-buttons-is-layout-flex\">\n<div class=\"wp-block-button is-style-outline is-style-outline--1\"><a class=\"wp-block-button__link wp-element-button\" href=\"https:\/\/iot-d.de\/wp-content\/uploads\/2025\/09\/Flyer-DE.pdf\" style=\"border-width:1px\" target=\"_blank\" rel=\"noreferrer noopener\">Flyer Mai 2026<\/a><\/div>\n<\/div>\n\n\n\n<p>Wir freuen uns darauf, gemeinsam mit Euch zu zaubern!<\/p>\n\n\n\n<div style=\"height:31px\" aria-hidden=\"true\" class=\"wp-block-spacer\"><\/div>\n<\/div>\n<\/div>\n\n\n\n<p class=\"has-text-align-center\"><\/p>\n\n\n\n<div style=\"height:49px\" aria-hidden=\"true\" class=\"wp-block-spacer\"><\/div>\n\n\n\n<div class=\"wp-block-buttons is-content-justification-center is-layout-flex wp-container-core-buttons-is-layout-a89b3969 wp-block-buttons-is-layout-flex\">\n<div class=\"wp-block-button is-style-outline is-style-outline--2\"><a class=\"wp-block-button__link has-background-background-color has-background wp-element-button\" href=\"https:\/\/iot-d.de\/\" style=\"border-width:1px\">zur\u00fcck zur Startseite<\/a><\/div>\n<\/div>\n\n\n\n<p><\/p>\n","protected":false},"excerpt":{"rendered":"<p>IOT-Seminare HINWEIS: Das Seminar im Mai 2026 ist komplett ausgebucht, Anmeldungen sind nicht mehr m\u00f6glich. Es besteht aber die M\u00f6glichkeit, sich auf eine Warteliste setzen zu lassen: Falls Teilnehmer noch absagen, k\u00f6nnen die Leute auf der Warteliste nachr\u00fccken. Wir veranstalten in Deutschland jedes Jahr \u00f6ffentliche Seminare, bei denen Ihr uns und unsere magische Arbeitsweise im [&hellip;]<\/p>\n","protected":false},"author":2,"featured_media":0,"parent":0,"menu_order":0,"comment_status":"closed","ping_status":"closed","template":"","meta":{"footnotes":""},"class_list":["post-33","page","type-page","status-publish","hentry"],"_links":{"self":[{"href":"https:\/\/iot-d.de\/index.php?rest_route=\/wp\/v2\/pages\/33","targetHints":{"allow":["GET"]}}],"collection":[{"href":"https:\/\/iot-d.de\/index.php?rest_route=\/wp\/v2\/pages"}],"about":[{"href":"https:\/\/iot-d.de\/index.php?rest_route=\/wp\/v2\/types\/page"}],"author":[{"embeddable":true,"href":"https:\/\/iot-d.de\/index.php?rest_route=\/wp\/v2\/users\/2"}],"replies":[{"embeddable":true,"href":"https:\/\/iot-d.de\/index.php?rest_route=%2Fwp%2Fv2%2Fcomments&post=33"}],"version-history":[{"count":106,"href":"https:\/\/iot-d.de\/index.php?rest_route=\/wp\/v2\/pages\/33\/revisions"}],"predecessor-version":[{"id":1270,"href":"https:\/\/iot-d.de\/index.php?rest_route=\/wp\/v2\/pages\/33\/revisions\/1270"}],"wp:attachment":[{"href":"https:\/\/iot-d.de\/index.php?rest_route=%2Fwp%2Fv2%2Fmedia&parent=33"}],"curies":[{"name":"wp","href":"https:\/\/api.w.org\/{rel}","templated":true}]}}